{"id":12264,"date":"2022-12-05T14:16:07","date_gmt":"2022-12-05T12:16:07","guid":{"rendered":"https:\/\/www.seltron.eu\/?page_id=12264"},"modified":"2023-07-27T12:59:31","modified_gmt":"2023-07-27T10:59:31","slug":"unterstutzung-der-kunden","status":"publish","type":"page","link":"https:\/\/www.seltron.eu\/de\/podpora-strankam\/","title":{"rendered":"Kundenbetreuung"},"content":{"rendered":"\t\t<div data-elementor-type=\"wp-page\" data-elementor-id=\"12264\" class=\"elementor elementor-12264\" data-elementor-post-type=\"page\">\n\t\t\t\t\t\t<section data-particle_enable=\"false\" data-particle-mobile-disabled=\"false\" class=\"elementor-section elementor-top-section elementor-element elementor-element-7a69dcf elementor-section-boxed elementor-section-height-default elementor-section-height-default\" data-id=\"7a69dcf\" data-element_type=\"section\" data-e-type=\"section\" data-settings=\"{&quot;jet_parallax_layout_list&quot;:[]}\">\n\t\t\t\t\t\t<div class=\"elementor-container elementor-column-gap-default\">\n\t\t\t\t\t<div class=\"elementor-column elementor-col-100 elementor-top-column elementor-element elementor-element-c4c9e87\" data-id=\"c4c9e87\" data-element_type=\"column\" data-e-type=\"column\">\n\t\t\t<div class=\"elementor-widget-wrap elementor-element-populated\">\n\t\t\t\t\t\t<div class=\"elementor-element elementor-element-b5c0a21 elementor-widget elementor-widget-heading\" data-id=\"b5c0a21\" data-element_type=\"widget\" data-e-type=\"widget\" data-settings=\"{&quot;motion_fx_motion_fx_scrolling&quot;:&quot;yes&quot;,&quot;motion_fx_rotateZ_effect&quot;:&quot;yes&quot;,&quot;motion_fx_rotateZ_speed&quot;:{&quot;unit&quot;:&quot;px&quot;,&quot;size&quot;:0,&quot;sizes&quot;:[]},&quot;motion_fx_rotateZ_affectedRange&quot;:{&quot;unit&quot;:&quot;%&quot;,&quot;size&quot;:&quot;&quot;,&quot;sizes&quot;:{&quot;start&quot;:0,&quot;end&quot;:100}},&quot;motion_fx_devices&quot;:[&quot;desktop&quot;,&quot;tablet&quot;,&quot;mobile&quot;]}\" data-widget_type=\"heading.default\">\n\t\t\t\t<div class=\"elementor-widget-container\">\n\t\t\t\t\t<h2 class=\"elementor-heading-title elementor-size-default\">Tehni\u010dna podpora<\/h2>\t\t\t\t<\/div>\n\t\t\t\t<\/div>\n\t\t\t\t\t<\/div>\n\t\t<\/div>\n\t\t\t\t\t<\/div>\n\t\t<\/section>\n\t\t\t\t<section data-particle_enable=\"false\" data-particle-mobile-disabled=\"false\" class=\"elementor-section elementor-top-section elementor-element elementor-element-bf43f73 elementor-section-boxed elementor-section-height-default elementor-section-height-default\" data-id=\"bf43f73\" data-element_type=\"section\" data-e-type=\"section\" data-settings=\"{&quot;jet_parallax_layout_list&quot;:[]}\">\n\t\t\t\t\t\t<div class=\"elementor-container elementor-column-gap-default\">\n\t\t\t\t\t<div class=\"jet-sticky-column elementor-column elementor-col-50 elementor-top-column elementor-element elementor-element-c17839e elementor-hidden-tablet elementor-hidden-mobile\" data-jet-settings=\"{&quot;id&quot;:&quot;c17839e&quot;,&quot;sticky&quot;:true,&quot;topSpacing&quot;:220,&quot;bottomSpacing&quot;:150,&quot;stickyOn&quot;:[&quot;desktop&quot;,&quot;tablet&quot;],&quot;behavior&quot;:&quot;default&quot;,&quot;zIndex&quot;:1100}\" data-id=\"c17839e\" data-element_type=\"column\" data-e-type=\"column\" data-settings=\"{&quot;background_background&quot;:&quot;classic&quot;}\">\n\t\t\t<div class=\"elementor-widget-wrap elementor-element-populated\">\n\t\t\t\t\t\t<div class=\"elementor-element elementor-element-a658dfa eael_simple_menu_hamburger_disable_selected_menu_no eael-simple-menu-hamburger-align-right eael-hamburger--tablet elementor-widget elementor-widget-eael-simple-menu\" data-id=\"a658dfa\" data-element_type=\"widget\" data-e-type=\"widget\" data-widget_type=\"eael-simple-menu.default\">\n\t\t\t\t<div class=\"elementor-widget-container\">\n\t\t\t\t\t<style>\n                        @media screen and (max-width: 1024px) {\n                            .eael-hamburger--tablet {\n                                .eael-simple-menu-horizontal,\n                                .eael-simple-menu-vertical {\n                                    display: none;\n                                }\n                            }\n                            .eael-hamburger--tablet {\n                                .eael-simple-menu-container .eael-simple-menu-toggle {\n                                    display: block;\n                                }\n                            }\n                        }\n                        .eael-simple-menu-container.eael-simple-menu--loading > ul {\n                            display: -webkit-box !important;\n                            display: -ms-flexbox !important;\n                            display: flex !important;\n                            list-style: none !important;\n                        }\n                        .eael-simple-menu-container.eael-simple-menu--loading li ul {\n                            visibility: hidden !important;\n                            opacity: 0 !important;\n                        }\n                    <\/style>            <div data-hamburger-icon=\"&lt;i aria-hidden=&quot;true&quot; class=&quot;fas fa-bars&quot;&gt;&lt;\/i&gt;\" data-indicator-icon=\"&lt;i aria-hidden=&quot;true&quot; class=&quot;fas fa-angle-down&quot;&gt;&lt;\/i&gt;\" data-dropdown-indicator-icon=\"&lt;i class=&quot;fas fa-angle-down&quot;&gt;&lt;\/i&gt;\" class=\"eael-simple-menu-container eael-simple-menu--loading eael-simple-menu-align-left eael-simple-menu-dropdown-align-left preset-1\" data-hamburger-breakpoints=\"{&quot;mobile&quot;:&quot;Mobil Hochformat (&gt; 767px)&quot;,&quot;tablet&quot;:&quot;Tablet Hochformat (&gt; 1024px)&quot;,&quot;desktop&quot;:&quot;Desktop (&gt; 2400px)&quot;,&quot;none&quot;:&quot;None&quot;}\" data-hamburger-device=\"tablet\">\n                <ul id=\"menu-podpora\" class=\"eael-simple-menu eael-simple-menu-dropdown-animate-to-top eael-simple-menu-indicator eael-simple-menu-vertical\"><li id=\"menu-item-13603\" class=\"menu-item menu-item-type-post_type menu-item-object-page menu-item-13603\"><a href=\"https:\/\/www.seltron.eu\/de\/narocilo-kataloga\/\">Naro\u010dilo kataloga<\/a><\/li>\n<li id=\"menu-item-13606\" class=\"menu-item menu-item-type-post_type menu-item-object-page menu-item-13606\"><a href=\"https:\/\/www.seltron.eu\/de\/dokumentacija-izbor\/\">Dokumentacija<\/a><\/li>\n<li id=\"menu-item-13607\" class=\"menu-item menu-item-type-post_type menu-item-object-page menu-item-13607\"><a href=\"https:\/\/www.seltron.eu\/de\/vezalne-sheme-izbor\/\">Vezalne sheme<\/a><\/li>\n<li id=\"menu-item-13604\" class=\"menu-item menu-item-type-post_type menu-item-object-page menu-item-13604\"><a href=\"https:\/\/www.seltron.eu\/de\/podpora-strankam\/\">Tehni\u010dna podpora<\/a><\/li>\n<\/ul>                <button class=\"eael-simple-menu-toggle\">\n                    <span class=\"sr-only \">Hamburger Toggle Menu<\/span>\n                    <i aria-hidden=\"true\" class=\"fas fa-bars\"><\/i>                <\/button>\n            <\/div>\n            \t\t\t\t<\/div>\n\t\t\t\t<\/div>\n\t\t\t\t\t<\/div>\n\t\t<\/div>\n\t\t\t\t<div class=\"elementor-column elementor-col-50 elementor-top-column elementor-element elementor-element-853328f\" data-id=\"853328f\" data-element_type=\"column\" data-e-type=\"column\">\n\t\t\t<div class=\"elementor-widget-wrap elementor-element-populated\">\n\t\t\t\t\t\t<div class=\"elementor-element elementor-element-fc645e1 elementor-widget elementor-widget-heading\" data-id=\"fc645e1\" data-element_type=\"widget\" data-e-type=\"widget\" data-widget_type=\"heading.default\">\n\t\t\t\t<div class=\"elementor-widget-container\">\n\t\t\t\t\t<h2 class=\"elementor-heading-title elementor-size-default\">Tehni\u010dno podporo nudimo po telefonu ali elektronski po\u0161ti.<\/h2>\t\t\t\t<\/div>\n\t\t\t\t<\/div>\n\t\t\t\t<div class=\"elementor-element elementor-element-30f5c05 elementor-widget elementor-widget-text-editor\" data-id=\"30f5c05\" data-element_type=\"widget\" data-e-type=\"widget\" data-widget_type=\"text-editor.default\">\n\t\t\t\t<div class=\"elementor-widget-container\">\n\t\t\t\t\t\t\t\t\t<p>Ekipo za tehni\u010dno podporo sestavljajo strokovnjaki z bogatim znanjem s podro\u010dja sistemov ogrevanja in hlajenja ter odli\u010dnim poznavanjem Seltron izdelkov. Na tehni\u010dno podporo lahko naslovite vpra\u0161anja glede izbire in monta\u017ee regulatorjev, \u010de potrebujete pomo\u010d pri nastavitvah ali \u010de menite, da regulatorji ne delujejo pravilno. Strokovnjaki iz tehni\u010dne podpore pomagajo tudi pri uvajanju aplikacij Clausius in Kelvin.<\/p>\t\t\t\t\t\t\t\t<\/div>\n\t\t\t\t<\/div>\n\t\t\t\t<div class=\"elementor-element elementor-element-12a1cee elementor-widget elementor-widget-heading\" data-id=\"12a1cee\" data-element_type=\"widget\" data-e-type=\"widget\" data-widget_type=\"heading.default\">\n\t\t\t\t<div class=\"elementor-widget-container\">\n\t\t\t\t\t<h2 class=\"elementor-heading-title elementor-size-default\">Kak\u0161no vrsto podpore potrebujete?<\/h2>\t\t\t\t<\/div>\n\t\t\t\t<\/div>\n\t\t\t\t<div class=\"elementor-element elementor-element-f5bc732 eael-wpforms-labels-yes eael-wpforms-form-button-custom elementor-widget elementor-widget-eael-wpforms\" data-id=\"f5bc732\" data-element_type=\"widget\" data-e-type=\"widget\" data-widget_type=\"eael-wpforms.default\">\n\t\t\t\t<div class=\"elementor-widget-container\">\n\t\t\t\t\t            <div class=\"eael-contact-form eael-wpforms eael-wpforms-align-default\">\n                                <div class=\"wpforms-container wpforms-container-full\" id=\"wpforms-14018\"><form id=\"wpforms-form-14018\" class=\"wpforms-validate wpforms-form wpforms-ajax-form\" data-formid=\"14018\" method=\"post\" enctype=\"multipart\/form-data\" action=\"\/de\/wp-json\/wp\/v2\/pages\/12264?wpforms_form_id=14018\" data-token=\"ad7799553ee69b13f4ac5603cd861667\" data-token-time=\"1775730219\"><div class=\"wpforms-head-container\"><\/div><noscript class=\"wpforms-error-noscript\">Bitte aktiviere JavaScript in deinem Browser, um dieses Formular fertigzustellen.<\/noscript><div class=\"wpforms-field-container\"><div id=\"wpforms-14018-field_4-container\" class=\"wpforms-field wpforms-field-radio wpforms-list-inline wpforms-conditional-trigger\" data-field-id=\"4\"><label class=\"wpforms-field-label wpforms-label-hide\">Izberi <span class=\"wpforms-required-label\">*<\/span><\/label><ul id=\"wpforms-14018-field_4\" class=\"wpforms-field-required wpforms-image-choices wpforms-image-choices-none\"><li class=\"choice-1 depth-1 wpforms-image-choices-item wpforms-selected\"><label class=\"wpforms-field-label-inline\" for=\"wpforms-14018-field_4_1\" tabindex=\"0\"><span class=\"wpforms-image-choices-image\"><img decoding=\"async\" src=\"https:\/\/www.seltron.eu\/wp-content\/uploads\/2022\/12\/Ikona-podpora-52.webp\" alt=\"Splo\u0161na vpra\u0161anja\" title=\"Splo\u0161na vpra\u0161anja\"><\/span><br><input type=\"radio\" id=\"wpforms-14018-field_4_1\" name=\"wpforms[fields][4]\" value=\"Splo\u0161na vpra\u0161anja\" tabindex=\"-1\" required  checked='checked'><span class=\"wpforms-image-choices-label\">Splo\u0161na vpra\u0161anja<\/span><\/label><\/li><li class=\"choice-2 depth-1 wpforms-image-choices-item\"><label class=\"wpforms-field-label-inline\" for=\"wpforms-14018-field_4_2\" tabindex=\"0\"><span class=\"wpforms-image-choices-image\"><img decoding=\"async\" src=\"https:\/\/www.seltron.eu\/wp-content\/uploads\/2022\/12\/Ikona-podpora-53.webp\" alt=\"Servisna vpra\u0161anja\" title=\"Servisna vpra\u0161anja\"><\/span><br><input type=\"radio\" id=\"wpforms-14018-field_4_2\" name=\"wpforms[fields][4]\" value=\"Servisna vpra\u0161anja\" tabindex=\"-1\" required ><span class=\"wpforms-image-choices-label\">Servisna vpra\u0161anja<\/span><\/label><\/li><li class=\"choice-3 depth-1 wpforms-image-choices-item\"><label class=\"wpforms-field-label-inline\" for=\"wpforms-14018-field_4_3\" tabindex=\"0\"><span class=\"wpforms-image-choices-image\"><img decoding=\"async\" src=\"https:\/\/www.seltron.eu\/wp-content\/uploads\/2022\/12\/Ikona-podpora-51.webp\" alt=\"Tehni\u010dna dokumentacija\" title=\"Tehni\u010dna dokumentacija\"><\/span><br><input type=\"radio\" id=\"wpforms-14018-field_4_3\" name=\"wpforms[fields][4]\" value=\"Tehni\u010dna dokumentacija\" tabindex=\"-1\" required ><span class=\"wpforms-image-choices-label\">Tehni\u010dna dokumentacija<\/span><\/label><\/li><\/ul><\/div><div id=\"wpforms-14018-field_1-container\" class=\"wpforms-field wpforms-field-text wpforms-conditional-field wpforms-conditional-show\" data-field-id=\"1\" style=\"display:none;\"><label class=\"wpforms-field-label\" for=\"wpforms-14018-field_1\">Ime <\/label><input type=\"text\" id=\"wpforms-14018-field_1\" class=\"wpforms-field-large\" name=\"wpforms[fields][1]\" ><\/div><div id=\"wpforms-14018-field_2-container\" class=\"wpforms-field wpforms-field-text wpforms-conditional-field wpforms-conditional-show\" data-field-id=\"2\" style=\"display:none;\"><label class=\"wpforms-field-label\" for=\"wpforms-14018-field_2\">Priimek<\/label><input type=\"text\" id=\"wpforms-14018-field_2\" class=\"wpforms-field-large\" name=\"wpforms[fields][2]\" ><\/div><div id=\"wpforms-14018-field_3-container\" class=\"wpforms-field wpforms-field-email wpforms-conditional-field wpforms-conditional-show\" data-field-id=\"3\" style=\"display:none;\"><label class=\"wpforms-field-label\" for=\"wpforms-14018-field_3\">Email <span class=\"wpforms-required-label\">*<\/span><\/label><input type=\"email\" id=\"wpforms-14018-field_3\" class=\"wpforms-field-large wpforms-field-required\" name=\"wpforms[fields][3]\" spellcheck=\"false\" required><\/div><div id=\"wpforms-14018-field_5-container\" class=\"wpforms-field wpforms-field-textarea wpforms-conditional-field wpforms-conditional-show\" data-field-id=\"5\" style=\"display:none;\"><label class=\"wpforms-field-label\" for=\"wpforms-14018-field_5\">Sporo\u010dilo <span class=\"wpforms-required-label\">*<\/span><\/label><textarea id=\"wpforms-14018-field_5\" class=\"wpforms-field-medium wpforms-field-required\" name=\"wpforms[fields][5]\" required><\/textarea><\/div><div id=\"wpforms-14018-field_6-container\" class=\"wpforms-field wpforms-field-text wpforms-conditional-field wpforms-conditional-show\" data-field-id=\"6\" style=\"display:none;\"><label class=\"wpforms-field-label\" for=\"wpforms-14018-field_6\">Za kateri izdelek gre? <span class=\"wpforms-required-label\">*<\/span><\/label><input type=\"text\" id=\"wpforms-14018-field_6\" class=\"wpforms-field-medium wpforms-field-required\" name=\"wpforms[fields][6]\" required><\/div><div id=\"wpforms-14018-field_7-container\" class=\"wpforms-field wpforms-field-textarea wpforms-conditional-field wpforms-conditional-show\" data-field-id=\"7\" style=\"display:none;\"><label class=\"wpforms-field-label\" for=\"wpforms-14018-field_7\">Kratek opis te\u017eave <span class=\"wpforms-required-label\">*<\/span><\/label><textarea id=\"wpforms-14018-field_7\" class=\"wpforms-field-medium wpforms-field-required\" name=\"wpforms[fields][7]\" required><\/textarea><\/div><div id=\"wpforms-14018-field_8-container\" class=\"wpforms-field wpforms-field-file-upload wpforms-conditional-field wpforms-conditional-show\" data-field-id=\"8\" style=\"display:none;\"><label class=\"wpforms-field-label\" for=\"wpforms-14018-field_8\">Priloge<\/label><div\n\t\tclass=\"wpforms-uploader \"\n\t\tdata-field-id=\"8\"\n\t\tdata-form-id=\"14018\"\n\t\tdata-input-name=\"wpforms_14018_8\"\n\t\tdata-extensions=\"jpg,jpeg,jpe,gif,png,bmp,tiff,tif,webp,avif,ico,heic,heif,heics,heifs,asf,asx,wmv,wmx,wm,avi,divx,mov,qt,mpeg,mpg,mpe,mp4,m4v,ogv,webm,mkv,3gp,3gpp,3g2,3gp2,txt,asc,c,cc,h,srt,csv,tsv,ics,rtx,css,vtt,mp3,m4a,m4b,aac,ra,ram,wav,x-wav,ogg,oga,flac,mid,midi,wma,wax,mka,rtf,pdf,class,tar,zip,gz,gzip,rar,7z,psd,xcf,doc,pot,pps,ppt,wri,xla,xls,xlt,xlw,mpp,docx,docm,dotx,dotm,xlsx,xlsm,xlsb,xltx,xltm,xlam,pptx,pptm,ppsx,ppsm,potx,potm,ppam,sldx,sldm,onetoc,onetoc2,onepkg,oxps,xps,odt,odp,ods,odg,odc,odb,odf,wp,wpd,key,numbers,pages,json,woff2,ttf,svg\"\n\t\tdata-max-size=\"67108864\"\n\t\tdata-max-file-number=\"3\"\n\t\tdata-post-max-size=\"67108864\"\n\t\tdata-max-parallel-uploads=\"4\"\n\t\tdata-parallel-uploads=\"true\"\n\t\tdata-file-chunk-size=\"2097152\">\n\t<div class=\"dz-message\">\n\t\t<svg  viewBox=\"0 0 640 640\" focusable=\"false\" data-icon=\"inbox\" width=\"50px\" height=\"50px\" fill=\"currentColor\" aria-hidden=\"true\">\n\t\t\t<path d=\"M352 173.3L352 384C352 401.7 337.7 416 320 416C302.3 416 288 401.7 288 384L288 173.3L246.6 214.7C234.1 227.2 213.8 227.2 201.3 214.7C188.8 202.2 188.8 181.9 201.3 169.4L297.3 73.4C309.8 60.9 330.1 60.9 342.6 73.4L438.6 169.4C451.1 181.9 451.1 202.2 438.6 214.7C426.1 227.2 405.8 227.2 393.3 214.7L352 173.3zM320 464C364.2 464 400 428.2 400 384L480 384C515.3 384 544 412.7 544 448L544 480C544 515.3 515.3 544 480 544L160 544C124.7 544 96 515.3 96 480L96 448C96 412.7 124.7 384 160 384L240 384C240 428.2 275.8 464 320 464zM464 488C477.3 488 488 477.3 488 464C488 450.7 477.3 440 464 440C450.7 440 440 450.7 440 464C440 477.3 450.7 488 464 488z\"\/>\n\t\t<\/svg>\n\n\t\t<span class=\"modern-title\">\n\t\t\t\t\t\t\tDrag &amp; Drop Files, \t\t\t\t<span>Choose Files to Upload<\/span>\n\t\t\t\t\t<\/span>\n\n\t\t\t\t\t<span class=\"modern-hint\">Du kannst bis zu 3 Dateien hochladen.<\/span>\n\t\t\t<\/div>\n<\/div>\n\n<input\n\t\ttype=\"text\"\n\t\tautocomplete=\"off\"\n\t\treadonly\n\t\tclass=\"dropzone-input\"\n\t\tstyle=\"position:absolute!important;clip:rect(0,0,0,0)!important;height:1px!important;width:1px!important;border:0!important;overflow:hidden!important;padding:0!important;margin:0!important;\"\n\t\tid=\"wpforms-14018-field_8\"\n\t\tname=\"wpforms_14018_8\" \t\tvalue=\"\">\n<div class=\"wpforms-field-description\">Za bolj\u0161e razumevanje te\u017eave lahko dodate sliko ali dodaten tekst.<\/div><\/div><div id=\"wpforms-14018-field_9-container\" class=\"wpforms-field wpforms-field-phone wpforms-conditional-field wpforms-conditional-show\" data-field-id=\"9\" style=\"display:none;\"><label class=\"wpforms-field-label\" for=\"wpforms-14018-field_9\">Telefon<\/label><input type=\"tel\" id=\"wpforms-14018-field_9\" class=\"wpforms-field-medium wpforms-smart-phone-field\" data-rule-smart-phone-field=\"true\" name=\"wpforms[fields][9]\" aria-label=\"Telefon\" ><\/div><div id=\"wpforms-14018-field_10-container\" class=\"wpforms-field wpforms-field-textarea wpforms-conditional-field wpforms-conditional-show\" data-field-id=\"10\" style=\"display:none;\"><label class=\"wpforms-field-label\" for=\"wpforms-14018-field_10\">Kateri dokumentacijo \u017eelite? <span class=\"wpforms-required-label\">*<\/span><\/label><textarea id=\"wpforms-14018-field_10\" class=\"wpforms-field-medium wpforms-field-required\" name=\"wpforms[fields][10]\" required><\/textarea><\/div><div id=\"wpforms-14018-field_11-container\" class=\"wpforms-field wpforms-field-gdpr-checkbox\" data-field-id=\"11\"><label class=\"wpforms-field-label\">Sogla\u0161am <span class=\"wpforms-required-label\">*<\/span><\/label><ul id=\"wpforms-14018-field_11\" class=\"wpforms-field-required\"><li class=\"choice-1\"><input type=\"checkbox\" id=\"wpforms-14018-field_11_1\" name=\"wpforms[fields][11][]\" value=\"S klikom na okence boste podali soglasje za namene obdelave va\u0161ih osebnih podatkov, ki so navedeni na spodnji povezavi.\" required ><label class=\"wpforms-field-label-inline\" for=\"wpforms-14018-field_11_1\">S klikom na okence boste podali soglasje za namene obdelave va\u0161ih osebnih podatkov, ki so navedeni na spodnji povezavi.<\/label><\/li><\/ul><div class=\"wpforms-field-description\"><a href=\"https:\/\/www.seltron.eu\/politika-zasebnosti\/\" target=\"_blank\" style=\"text-decoration:underline\">Politika zasebnosti<\/a><\/div><\/div><\/div><!-- .wpforms-field-container --><div class=\"wpforms-recaptcha-container wpforms-is-recaptcha wpforms-is-recaptcha-type-v3\" ><input type=\"hidden\" name=\"wpforms[recaptcha]\" value=\"\"><\/div><div class=\"wpforms-submit-container\" ><input type=\"hidden\" name=\"wpforms[id]\" value=\"14018\"><input type=\"hidden\" name=\"page_title\" value=\"\"><input type=\"hidden\" name=\"page_url\" value=\"https:\/\/www.seltron.eu\/de\/wp-json\/wp\/v2\/pages\/12264\"><input type=\"hidden\" name=\"url_referer\" value=\"\"><button type=\"submit\" name=\"wpforms[submit]\" id=\"wpforms-submit-14018\" class=\"wpforms-submit\" data-alt-text=\"Po\u0161iljanje....\" data-submit-text=\"Po\u0161lji\" aria-live=\"assertive\" value=\"wpforms-submit\">Po\u0161lji<\/button><img decoding=\"async\" src=\"https:\/\/www.seltron.eu\/wp-content\/plugins\/wpforms\/assets\/images\/submit-spin.svg\" class=\"wpforms-submit-spinner\" style=\"display: none;\" width=\"26\" height=\"26\" alt=\"Wird geladen\"><\/div><\/form><\/div>  <!-- .wpforms-container -->            <\/div>\n\t\t\t\t<\/div>\n\t\t\t\t<\/div>\n\t\t\t\t\t<\/div>\n\t\t<\/div>\n\t\t\t\t\t<\/div>\n\t\t<\/section>\n\t\t\t\t<\/div>\n\t\t","protected":false},"excerpt":{"rendered":"<p>Tehni\u010dna podpora Naro\u010dilo kataloga Dokumentacija Vezalne sheme Tehni\u010dna podpora Tehni\u010dno podporo nudimo po telefonu ali elektronski po\u0161ti. Ekipo za tehni\u010dno podporo sestavljajo strokovnjaki z bogatim znanjem s podro\u010dja sistemov ogrevanja in hlajenja ter odli\u010dnim poznavanjem Seltron izdelkov. Na tehni\u010dno podporo lahko naslovite vpra\u0161anja glede izbire in monta\u017ee regulatorjev, \u010de potrebujete pomo\u010d pri nastavitvah ali \u010de [&hellip;]<\/p>\n","protected":false},"author":3,"featured_media":0,"parent":0,"menu_order":0,"comment_status":"closed","ping_status":"closed","template":"elementor_header_footer","meta":{"_acf_changed":false,"footnotes":""},"class_list":["post-12264","page","type-page","status-publish","hentry"],"blocksy_meta":{"styles_descriptor":{"styles":{"desktop":"","tablet":"","mobile":""},"google_fonts":[],"version":6}},"acf":[],"_links":{"self":[{"href":"https:\/\/www.seltron.eu\/de\/wp-json\/wp\/v2\/pages\/12264","targetHints":{"allow":["GET"]}}],"collection":[{"href":"https:\/\/www.seltron.eu\/de\/wp-json\/wp\/v2\/pages"}],"about":[{"href":"https:\/\/www.seltron.eu\/de\/wp-json\/wp\/v2\/types\/page"}],"author":[{"embeddable":true,"href":"https:\/\/www.seltron.eu\/de\/wp-json\/wp\/v2\/users\/3"}],"replies":[{"embeddable":true,"href":"https:\/\/www.seltron.eu\/de\/wp-json\/wp\/v2\/comments?post=12264"}],"version-history":[{"count":0,"href":"https:\/\/www.seltron.eu\/de\/wp-json\/wp\/v2\/pages\/12264\/revisions"}],"wp:attachment":[{"href":"https:\/\/www.seltron.eu\/de\/wp-json\/wp\/v2\/media?parent=12264"}],"curies":[{"name":"wp","href":"https:\/\/api.w.org\/{rel}","templated":true}]}}