{"id":23227,"date":"2023-06-20T14:56:14","date_gmt":"2023-06-20T12:56:14","guid":{"rendered":"https:\/\/www.seltron.eu\/?page_id=23227"},"modified":"2025-10-28T11:04:01","modified_gmt":"2025-10-28T09:04:01","slug":"datenschutzbestimmungen","status":"publish","type":"page","link":"https:\/\/www.seltron.eu\/de\/politika-zasebnosti\/","title":{"rendered":"Datenschutzbestimmungen"},"content":{"rendered":"<div data-elementor-type=\"wp-page\" data-elementor-id=\"23227\" class=\"elementor elementor-23227\" data-elementor-post-type=\"page\">\n\t\t\t\t\t\t<section data-particle_enable=\"false\" data-particle-mobile-disabled=\"false\" class=\"elementor-section elementor-top-section elementor-element elementor-element-c7d9aa7 elementor-section-boxed elementor-section-height-default elementor-section-height-default\" data-id=\"c7d9aa7\" data-element_type=\"section\" data-e-type=\"section\" data-settings=\"{&quot;jet_parallax_layout_list&quot;:[],&quot;background_background&quot;:&quot;classic&quot;}\">\n\t\t\t\t\t\t<div class=\"elementor-container elementor-column-gap-default\">\n\t\t\t\t\t<div class=\"elementor-column elementor-col-100 elementor-top-column elementor-element elementor-element-2f70642\" data-id=\"2f70642\" data-element_type=\"column\" data-e-type=\"column\" data-settings=\"{&quot;background_background&quot;:&quot;classic&quot;}\">\n\t\t\t<div class=\"elementor-widget-wrap\">\n\t\t\t\t\t\t\t<\/div>\n\t\t<\/div>\n\t\t\t\t\t<\/div>\n\t\t<\/section>\n\t\t\t\t<section data-particle_enable=\"false\" data-particle-mobile-disabled=\"false\" class=\"elementor-section elementor-top-section elementor-element elementor-element-b961c4e elementor-section-height-min-height elementor-hidden-tablet elementor-hidden-mobile elementor-section-boxed elementor-section-height-default elementor-section-items-middle\" data-id=\"b961c4e\" data-element_type=\"section\" data-e-type=\"section\" data-settings=\"{&quot;jet_parallax_layout_list&quot;:[],&quot;background_background&quot;:&quot;gradient&quot;}\">\n\t\t\t\t\t\t<div class=\"elementor-container elementor-column-gap-no\">\n\t\t\t\t\t<div class=\"elementor-column elementor-col-100 elementor-top-column elementor-element elementor-element-dc7ce40\" data-id=\"dc7ce40\" data-element_type=\"column\" data-e-type=\"column\">\n\t\t\t<div class=\"elementor-widget-wrap\">\n\t\t\t\t\t\t\t<\/div>\n\t\t<\/div>\n\t\t\t\t\t<\/div>\n\t\t<\/section>\n\t\t\t\t<section data-particle_enable=\"false\" data-particle-mobile-disabled=\"false\" class=\"elementor-section elementor-top-section elementor-element elementor-element-2d396855 elementor-section-boxed elementor-section-height-default elementor-section-height-default\" data-id=\"2d396855\" data-element_type=\"section\" data-e-type=\"section\" data-settings=\"{&quot;jet_parallax_layout_list&quot;:[]}\">\n\t\t\t\t\t\t<div class=\"elementor-container elementor-column-gap-no\">\n\t\t\t\t\t<div class=\"elementor-column elementor-col-100 elementor-top-column elementor-element elementor-element-8bbb43e\" data-id=\"8bbb43e\" data-element_type=\"column\" data-e-type=\"column\">\n\t\t\t<div class=\"elementor-widget-wrap elementor-element-populated\">\n\t\t\t\t\t\t<div class=\"elementor-element elementor-element-40f7348 elementor-widget elementor-widget-heading\" data-id=\"40f7348\" data-element_type=\"widget\" data-e-type=\"widget\" data-widget_type=\"heading.default\">\n\t\t\t\t<div class=\"elementor-widget-container\">\n\t\t\t\t\t<h2 class=\"elementor-heading-title elementor-size-default\">POLITIK ZUM SCHUTZ PERSONENBEZOGENER DATEN<\/h2>\t\t\t\t<\/div>\n\t\t\t\t<\/div>\n\t\t\t\t<div class=\"elementor-element elementor-element-3a11d10 elementor-widget elementor-widget-text-editor\" data-id=\"3a11d10\" data-element_type=\"widget\" data-e-type=\"widget\" data-widget_type=\"text-editor.default\">\n\t\t\t\t<div class=\"elementor-widget-container\">\n\t\t\t\t\t\t\t\t\t\n<p>Diese Datenschutzrichtlinie regelt die Erhebung, Speicherung, Nutzung und sonstige Verarbeitung personenbezogener Daten, die Seltron d.o.o. von Ihnen erhebt, wenn Sie einen Online-Kauf \u00fcber das B2B-Portal (<a href=\"https:\/\/b2b.seltron.si\/\" target=\"_blank\" rel=\"noreferrer noopener\">b2b.seltron.si<\/a>), wenn Sie eine Anfrage \u00fcber die Website senden\u00a0<a href=\"https:\/\/www.seltron.si\/\" target=\"_blank\" rel=\"noreferrer noopener\">www.seltron.si<\/a>wenn Sie sich f\u00fcr den Newsletter anmelden, wenn Sie die Website besuchen\u00a0<a href=\"https:\/\/www.seltron.eu\/de\/\" target=\"_blank\" rel=\"noreferrer noopener\">www.seltron.eu<\/a>\u00a0oder Website\u00a0<a href=\"http:\/\/www.selizobrazevanja.com\/\" target=\"_blank\" rel=\"noreferrer noopener\">www.selizobrazevanja.com<\/a>\u00a0usw.<\/p>\n\n<h3 class=\"wp-block-heading\">Verantwortlicher f\u00fcr die personenbezogenen Daten und Kontaktangaben<\/h3>\n\n<p>Der Inhaber der Datenverarbeitung ist:<br \/>SELTRON Produktions-, Handels- und Vermittlungsgesellschaft d.o.o.<br \/><a href=\"https:\/\/goo.gl\/maps\/PsiYacpbVuw5ZW7c9\" target=\"_blank\" rel=\"noreferrer noopener\">Tr\u017ea\u0161ka cesta 85 A, 2000 Maribor<\/a><br \/>Registrierungsnummer: 5347297000<br \/>Telefon:\u00a0<a href=\"Tel:0038626719600\" target=\"_blank\" rel=\"noreferrer noopener\">02 671 96 00<\/a><br \/>E-Mail:\u00a0<a href=\"mailto:info@seltron.si\" target=\"_blank\" rel=\"noreferrer noopener\">info@seltron.si<\/a><\/p>\n\n<h3 class=\"wp-block-heading\">Welche personenbezogenen Daten wir verarbeiten<\/h3>\n\n<ul class=\"wp-block-list\">\n<li>grundlegende Kontakt- oder Identifizierungsdaten (Vorname, Nachname, Telefonnummer, Postleitzahl, Standort, E-Mail-Adresse und, wenn Sie eine juristische Person sind und sich in unserem B2B-Shop anmelden, Ihren Benutzernamen und Ihr Passwort sowie Ihre Umsatzsteuer-ID);<\/li>\n\n<li>die Informationen, die wir zur Erf\u00fcllung des Vertrags und zur Lieferung der gekauften Waren ben\u00f6tigen (Lieferadresse, Zahlungsdaten, Reklamationsdaten, Rechnungsdaten usw.);<\/li>\n\n<li>Informationen \u00fcber die Nutzung unserer Websites (IP-Adresse, gespeicherte Einstellungen, Newsletter-Abonnements usw.) und Informationen \u00fcber die Reaktion auf unsere E-Mails (ob die E-Mail ge\u00f6ffnet wurde).<\/li>\n<\/ul>\n\n<h3 class=\"wp-block-heading\">Rechtsgrundlagen f\u00fcr die Verarbeitung personenbezogener Daten<\/h3>\n\n<p>Wir k\u00f6nnen Ihre personenbezogenen Daten auf den folgenden Rechtsgrundlagen verarbeiten:<\/p>\n\n<ul class=\"wp-block-list\">\n<li><strong>Vertrag<\/strong>\u00a0- wenn die Verarbeitung Ihrer personenbezogenen Daten f\u00fcr den Abschluss und die Erf\u00fcllung eines Vertrags, den Sie mit uns geschlossen haben, erforderlich ist oder weil Sie ein Angebot von uns angefordert haben;<\/li>\n\n<li><strong>gesetzliche Verpflichtung<\/strong>\u00a0- wenn die Verarbeitung Ihrer personenbezogenen Daten erforderlich ist, um einer gesetzlichen Verpflichtung nachzukommen (z. B. Ausstellung und Aufbewahrung von Rechnungen f\u00fcr einen gesetzlich vorgeschriebenen Zeitraum usw.);<\/li>\n\n<li><strong>Zustimmung<\/strong>\u00a0- wenn Sie in die Verarbeitung Ihrer personenbezogenen Daten f\u00fcr einen bestimmten Verarbeitungszweck eingewilligt haben, wobei Sie jederzeit das Recht haben, Ihre Einwilligung zu widerrufen (z. B. f\u00fcr die Zusendung von Newslettern, Verkaufsinformationen, Werbeaktionen und Verg\u00fcnstigungen, die Teilnahme an Umfragen usw.);<\/li>\n\n<li><strong>rechtm\u00e4\u00dfiges Interesse<\/strong>\u00a0- wenn wir ein berechtigtes Interesse an der Verarbeitung Ihrer personenbezogenen Daten haben (z. B. wenn wir Ihnen eine E-Mail senden, wenn Sie den Warenkorb auf unserer Website verlassen haben, ohne Ihren Einkauf abzuschlie\u00dfen, oder f\u00fcr Direktmarketingzwecke).<\/li>\n<\/ul>\n\n<h3 class=\"wp-block-heading\">Zwecke der Verarbeitung von personenbezogenen Daten<\/h3>\n\n<p>Wir k\u00f6nnen Ihre personenbezogenen Daten f\u00fcr einen oder mehrere der folgenden Zwecke verwenden:<\/p>\n\n<ul class=\"wp-block-list\">\n<li>die Kommunikation mit Ihnen \u00fcber die Erbringung unserer Dienstleistungen und die Beantwortung Ihrer Anfragen;<\/li>\n\n<li>den Abschluss des Vertrags und die Erf\u00fcllung der sich daraus ergebenden Verpflichtungen;<\/li>\n\n<li>Marketingmitteilungen (E-Mail, Post und SMS);<\/li>\n\n<li>die Verfolgung von Rechtsanspr\u00fcchen und die Beilegung von Rechtsstreitigkeiten;<\/li>\n\n<li>zur statistischen Analyse des Verkaufs unserer Waren und der Nutzung unserer Websites.<\/li>\n<\/ul>\n\n<h3 class=\"wp-block-heading\">Liste der von dem f\u00fcr die Verarbeitung Verantwortlichen verwalteten Websites<\/h3>\n\n<p>SELTRON d.o.o. betreibt die folgenden Websites:<\/p>\n\n<ul class=\"wp-block-list\">\n<li>seltron.si (Informations- und Verkaufswebsite),<\/li>\n\n<li>seltron.eu (Informations- und Verkaufswebsite),<\/li>\n\n<li>b2b.seltron.si (Informations- und Verkaufswebsite),<\/li>\n\n<li>seltronhome.com (Informations- und Verkaufswebsite),<\/li>\n\n<li>selizobrazobrazovaniya.com (informative Website).<\/li>\n<\/ul>\n\n<h3 class=\"wp-block-heading\">Wie lange wir Ihre personenbezogenen Daten aufbewahren und was danach mit ihnen geschieht<\/h3>\n\n<p>Wir speichern grundlegende personenbezogene Daten so lange, wie Sie ein registrierter Nutzer unserer Websites sind.<br \/>Wir speichern personenbezogene Daten, die auf der Grundlage Ihrer Einwilligung verarbeitet werden, dauerhaft oder bis Sie Ihre Einwilligung widerrufen.<br \/>Wir bewahren die Aufzeichnungen \u00fcber ausgestellte Rechnungen 10 Jahre lang ab dem Ausstellungsdatum auf.<br \/>Die f\u00fcr den Abschluss und die Erf\u00fcllung des Vertrages zwischen Ihnen und uns erforderlichen Daten bewahren wir f\u00fcr 6 Jahre nach der Erf\u00fcllung des Vertrages (Lieferung der Ware) auf.<br \/>Nach Ablauf der Aufbewahrungsfrist l\u00f6schen oder anonymisieren wir die personenbezogenen Daten, d. h. wir verarbeiten sie so, dass sie nicht mehr mit Ihnen in Verbindung gebracht oder Ihnen zugeordnet werden k\u00f6nnen.<\/p>\n\n<h3 class=\"wp-block-heading\">Freiwillige Bereitstellung von Daten und Konsequenzen bei Nichtbereitstellung<\/h3>\n\n<p>Die Bereitstellung personenbezogener Daten ist freiwillig und wir verarbeiten sie mit Ihrer ausdr\u00fccklichen und unmissverst\u00e4ndlichen Zustimmung. Sie sind nicht verpflichtet, uns personenbezogene Daten zur Verf\u00fcgung zu stellen, aber wenn Sie uns keine personenbezogenen Daten zur Verf\u00fcgung stellen, k\u00f6nnen Sie bestimmte Dienstleistungen nicht erhalten oder keinen Vertrag mit uns abschlie\u00dfen. Wir werden jedes Mal, wenn wir personenbezogene Daten von Ihnen abfragen, angeben, welche Informationen so beschaffen sind, dass ihre Nichtbereitstellung die oben genannten Folgen nach sich zieht.<br \/>Wir k\u00f6nnen personenbezogene Daten auch aus \u00f6ffentlichen Aufzeichnungen und anderen \u00f6ffentlich zug\u00e4nglichen Quellen erhalten.<\/p>\n\n<h3 class=\"wp-block-heading\">Wer hat Zugang zu Ihren pers\u00f6nlichen Daten?<\/h3>\n\n<p>Wir geben Ihre personenbezogenen Daten nicht an Dritte (au\u00dferhalb von Seltron) weiter oder stellen sie ihnen zur Verf\u00fcgung, es sei denn, dies ist f\u00fcr den reibungslosen Ablauf unseres Gesch\u00e4ftsbetriebs unbedingt erforderlich. Wir geben Ihre personenbezogenen Daten nur dann an Dritte weiter, wenn diese einen schriftlichen Vertrag mit uns haben, auf dessen Grundlage sie bestimmte Datenverarbeitungsaufgaben durchf\u00fchren und zur Einhaltung des Gesetzes \u00fcber die Verarbeitung und den Schutz personenbezogener Daten verpflichtet sind (sogenannte \"Auftragsverarbeiter\"). Die Auftragsverarbeiter, an die wir Ihre personenbezogenen Daten weitergeben, sind:<\/p>\n\n<ul class=\"wp-block-list\">\n<li>Installations- und Dienstleistungsunternehmen;<\/li>\n\n<li>Anbieter von Lieferdiensten;<\/li>\n\n<li>E-Mail-Anbieter;<\/li>\n\n<li>CRM-Anbieter Intrix;<\/li>\n\n<li>Anbieter des Wirtschaftsinformationssystems Pantheon;<\/li>\n\n<li>Anbieter von Sharepoint-Unterst\u00fctzung f\u00fcr Unternehmen.<\/li>\n<\/ul>\n\n<p>Auftragsverarbeiter d\u00fcrfen personenbezogene Daten nur im Rahmen unserer Weisungen verarbeiten und nicht f\u00fcr eigene Zwecke nutzen. Sie sind zusammen mit ihren Mitarbeitern verpflichtet, die Vertraulichkeit Ihrer personenbezogenen Daten zu wahren.<\/p>\n\n<h3 class=\"wp-block-heading\">Daten\u00fcbermittlung au\u00dferhalb der EU<\/h3>\n\n<p>In einigen F\u00e4llen k\u00f6nnen wir Ihre personenbezogenen Daten auch in L\u00e4nder \u00fcbermitteln, die nicht Mitglied der EU oder des Europ\u00e4ischen Wirtschaftsraums sind. Eine solche \u00dcbermittlung findet jedoch nur statt, wenn dieses Land ebenfalls das gleiche Schutzniveau f\u00fcr personenbezogene Daten gew\u00e4hrleistet wie die EU (wir sprechen hier insbesondere von einer Datenarchivierung auf Servern in der Schweiz) oder wenn sich der betreffende Empf\u00e4nger vertraglich zum Schutz personenbezogener Daten verpflichtet, wie er von der Europ\u00e4ischen Kommission vorgesehen ist.<\/p>\n\n<h3 class=\"wp-block-heading\">Welche Rechte Sie in Bezug auf Ihre personenbezogenen Daten haben, wie Sie Ihre Zustimmung zur Verarbeitung widerrufen k\u00f6nnen und welche Folgen ein Widerruf hat.<\/h3>\n\n<p>Sie haben das Recht, jederzeit unentgeltlich Auskunft \u00fcber Ihre personenbezogenen Daten zu erhalten:<\/p>\n\n<ul class=\"wp-block-list\">\n<li>zu best\u00e4tigen, ob wir Ihre personenbezogenen Daten verarbeiten;<\/li>\n\n<li>Zugang zu personenbezogenen Daten - wir teilen Ihnen kostenlos mit (eine Kopie), welche Daten wir zu welchem Zweck und wie lange wir sie sammeln und wer auf sie zugegriffen hat;<\/li>\n\n<li>Berichtigung unrichtiger personenbezogener Daten - auf Ihren Wunsch hin werden wir unrichtige oder unvollst\u00e4ndige personenbezogene Daten berichtigen;<\/li>\n\n<li>Einschr\u00e4nkung der Verarbeitung - auf Ihren Antrag hin schr\u00e4nken wir die Verarbeitung Ihrer Daten ein, wenn Sie die Richtigkeit der Daten bestreiten oder Widerspruch eingelegt haben, wenn die Verarbeitung unrechtm\u00e4\u00dfig ist oder wenn die Verarbeitung f\u00fcr den f\u00fcr die Verarbeitung Verantwortlichen nicht mehr erforderlich ist, sondern der Feststellung, Aus\u00fcbung oder Verteidigung von Rechtsanspr\u00fcchen dient;<\/li>\n\n<li>L\u00f6schung s\u00e4mtlicher personenbezogener Daten (Recht auf Vergessenwerden): Wir l\u00f6schen alle von uns erhobenen personenbezogenen Daten auf Ihren Wunsch hin unverz\u00fcglich, wenn: die personenbezogenen Daten f\u00fcr die Zwecke, f\u00fcr die sie erhoben wurden, nicht mehr erforderlich sind; Sie Ihre Einwilligung widerrufen haben; Sie der Verarbeitung widersprochen haben; die Verarbeitung unrechtm\u00e4\u00dfig war; oder wir gesetzlich dazu verpflichtet sind;<\/li>\n\n<li>die Verwendung personenbezogener Daten f\u00fcr Direktmarketingzwecke einzustellen,<\/li>\n\n<li>das Recht auf Daten\u00fcbertragbarkeit - Sie haben das Recht, von uns die Daten zu erhalten, die wir mit automatisierten Mitteln verarbeiten und die wir Ihnen in einer strukturierten, gegliederten und lesbaren Form zur Verf\u00fcgung stellen k\u00f6nnen;<\/li>\n\n<li>das Recht, der Verarbeitung zu widersprechen;<\/li>\n\n<li>das Recht, die Einwilligung jederzeit zu widerrufen, ohne dass die Rechtm\u00e4\u00dfigkeit der aufgrund der Einwilligung bis zu deren Widerruf erfolgten Verarbeitung ber\u00fchrt wird.<\/li>\n<\/ul>\n\n<p>Sie haben auch das Recht, eine Beschwerde bei der Aufsichtsbeh\u00f6rde - dem Informationsbeauftragten (Adresse: Dunajska 22, 1000 Ljubljana, E-Mail: gp.ip@ip-rs.si, Telefon: 012309730, Website: www.ip-rs.si) - einzureichen, wenn Sie der Meinung sind, dass die Verarbeitung Ihrer personenbezogenen Daten gegen die Allgemeine Datenschutzverordnung verst\u00f6\u00dft.<\/p>\n\n<h3 class=\"wp-block-heading\">Verfahren zur Aus\u00fcbung der Rechte<\/h3>\n\n<p>Sie k\u00f6nnen Ihre Anfragen bez\u00fcglich der Aus\u00fcbung Ihrer Rechte in Bezug auf personenbezogene Daten schriftlich (auch per E-Mail) an die folgenden Kontaktangaben richten\u00a0<a href=\"https:\/\/www.seltron.si\/politika-zasebnosti\/#upravljalec-op\" target=\"_blank\" rel=\"noopener\">F\u00fcr die Datenverarbeitung Verantwortlicher und Kontaktangaben.<\/a><\/p>\n\n<p>F\u00fcr den Fall, dass Sie Ihre Rechte in Bezug auf personenbezogene Daten wahrnehmen, k\u00f6nnen wir zus\u00e4tzliche Informationen von Ihnen anfordern, um eine zuverl\u00e4ssige Identifizierung zu erm\u00f6glichen; wir k\u00f6nnen jedoch nur dann Ma\u00dfnahmen verweigern, wenn wir nachweisen k\u00f6nnen, dass wir Sie nicht zuverl\u00e4ssig identifizieren k\u00f6nnen.<\/p>\n\n<p>Wir m\u00fcssen Ihren Antrag auf Aus\u00fcbung Ihrer Rechte in Bezug auf Ihre personenbezogenen Daten ohne unangemessene Verz\u00f6gerung und sp\u00e4testens innerhalb von 30 Tagen nach Eingang Ihres Antrags beantworten.<\/p>\n\n<h3 class=\"wp-block-heading\">Bewusstsein der Arbeitnehmer f\u00fcr den Schutz personenbezogener Daten<\/h3>\n\n<p>Der Schutz personenbezogener Daten wird in der internen Datenschutzrichtlinie und der Richtlinie \u00fcber technische und organisatorische Verfahren zum Schutz personenbezogener Daten sowie in anderen internen Dokumenten, mit denen die Mitarbeiter vertraut sind, n\u00e4her definiert.<\/p>\n\n<p>\u00a0<\/p>\n\t\t\t\t\t\t\t\t<\/div>\n\t\t\t\t<\/div>\n\t\t\t\t\t<\/div>\n\t\t<\/div>\n\t\t\t\t\t<\/div>\n\t\t<\/section>\n\t\t\t\t<section data-particle_enable=\"false\" data-particle-mobile-disabled=\"false\" class=\"elementor-section elementor-top-section elementor-element elementor-element-64600b0 elementor-section-boxed elementor-section-height-default elementor-section-height-default\" data-id=\"64600b0\" data-element_type=\"section\" data-e-type=\"section\" data-settings=\"{&quot;jet_parallax_layout_list&quot;:[]}\">\n\t\t\t\t\t\t<div class=\"elementor-container elementor-column-gap-default\">\n\t\t\t\t\t<div class=\"elementor-column elementor-col-100 elementor-top-column elementor-element elementor-element-38f1fe2\" data-id=\"38f1fe2\" data-element_type=\"column\" data-e-type=\"column\">\n\t\t\t<div class=\"elementor-widget-wrap elementor-element-populated\">\n\t\t\t\t\t\t<div class=\"elementor-element elementor-element-d6c4420 elementor-widget elementor-widget-spacer\" data-id=\"d6c4420\" data-element_type=\"widget\" data-e-type=\"widget\" data-widget_type=\"spacer.default\">\n\t\t\t\t<div class=\"elementor-widget-container\">\n\t\t\t\t\t\t\t<div class=\"elementor-spacer\">\n\t\t\t<div class=\"elementor-spacer-inner\"><\/div>\n\t\t<\/div>\n\t\t\t\t\t\t<\/div>\n\t\t\t\t<\/div>\n\t\t\t\t\t<\/div>\n\t\t<\/div>\n\t\t\t\t\t<\/div>\n\t\t<\/section>\n\t\t\t\t<\/div>","protected":false},"excerpt":{"rendered":"<p>POLITIKA VARSTVA OSEBNIH PODATKOV Ta politika varstva osebnih podatkov ureja zbiranje, hrambo, uporabo in drugo obdelavo osebnih podatkov, ki jih podjetje Seltron d.o.o. zbira od vas, ko napravite spletni nakup preko portala B2B (b2b.seltron.si), ko po\u0161ljete povpra\u0161evanje preko spletne strani\u00a0www.seltron.si, ko se naro\u010dite na e-novice, ko obi\u0161\u010dete spletno stran\u00a0www.seltron.eu\u00a0ali spletno stran\u00a0www.selizobrazevanja.com\u00a0itd. Upravljavec osebnih podatkov in [&hellip;]<\/p>\n","protected":false},"author":1,"featured_media":0,"parent":0,"menu_order":0,"comment_status":"closed","ping_status":"closed","template":"elementor_header_footer","meta":{"_acf_changed":false,"footnotes":""},"class_list":["post-23227","page","type-page","status-publish","hentry"],"blocksy_meta":[],"acf":[],"_links":{"self":[{"href":"https:\/\/www.seltron.eu\/de\/wp-json\/wp\/v2\/pages\/23227","targetHints":{"allow":["GET"]}}],"collection":[{"href":"https:\/\/www.seltron.eu\/de\/wp-json\/wp\/v2\/pages"}],"about":[{"href":"https:\/\/www.seltron.eu\/de\/wp-json\/wp\/v2\/types\/page"}],"author":[{"embeddable":true,"href":"https:\/\/www.seltron.eu\/de\/wp-json\/wp\/v2\/users\/1"}],"replies":[{"embeddable":true,"href":"https:\/\/www.seltron.eu\/de\/wp-json\/wp\/v2\/comments?post=23227"}],"version-history":[{"count":113,"href":"https:\/\/www.seltron.eu\/de\/wp-json\/wp\/v2\/pages\/23227\/revisions"}],"predecessor-version":[{"id":26563,"href":"https:\/\/www.seltron.eu\/de\/wp-json\/wp\/v2\/pages\/23227\/revisions\/26563"}],"wp:attachment":[{"href":"https:\/\/www.seltron.eu\/de\/wp-json\/wp\/v2\/media?parent=23227"}],"curies":[{"name":"wp","href":"https:\/\/api.w.org\/{rel}","templated":true}]}}