{"id":401,"date":"2022-08-08T13:45:46","date_gmt":"2022-08-08T11:45:46","guid":{"rendered":"https:\/\/www.seltron.eu\/?post_type=product&#038;p=401"},"modified":"2024-10-09T15:59:16","modified_gmt":"2024-10-09T13:59:16","slug":"differenzregler-sgc-36hv","status":"publish","type":"product","link":"https:\/\/www.seltron.eu\/de\/regulatorji-ogrevanja-seltron\/diferencni-regulator-sgc36hv\/","title":{"rendered":"Differenzregler SGC36HV"},"content":{"rendered":"","protected":false},"excerpt":{"rendered":"<p>Der Differenzregler SGC36HV ist f\u00fcr die Regelung von Warmwassererw\u00e4rmung mit klassischen oder Vakuumr\u00f6hrenkollektoren, Zusatzw\u00e4rmequellen, f\u00fcr die einstufige Bef\u00fcllung des Speichers und f\u00fcr Pool-Heizungsanlagen vorgesehen.<\/p>","protected":false},"featured_media":1250,"template":"","meta":{"_acf_changed":false},"product_brand":[],"product_cat":[26,98],"product_tag":[413,394],"class_list":{"0":"post-401","1":"product","2":"type-product","3":"status-publish","4":"has-post-thumbnail","6":"product_cat-diferencni-regulatorji","7":"product_cat-regulatorji","8":"product_tag-sgc","9":"product_tag-sgc36hv","10":"pa_kategorije-izdelkov-regulatorji-ogrevanja","11":"pa_regulatorji-montaza-stenska","13":"first","14":"instock","15":"shipping-taxable","16":"purchasable","17":"product-type-simple"},"acf":[],"_links":{"self":[{"href":"https:\/\/www.seltron.eu\/de\/wp-json\/wp\/v2\/product\/401","targetHints":{"allow":["GET"]}}],"collection":[{"href":"https:\/\/www.seltron.eu\/de\/wp-json\/wp\/v2\/product"}],"about":[{"href":"https:\/\/www.seltron.eu\/de\/wp-json\/wp\/v2\/types\/product"}],"version-history":[{"count":0,"href":"https:\/\/www.seltron.eu\/de\/wp-json\/wp\/v2\/product\/401\/revisions"}],"wp:featuredmedia":[{"embeddable":true,"href":"https:\/\/www.seltron.eu\/de\/wp-json\/wp\/v2\/media\/1250"}],"wp:attachment":[{"href":"https:\/\/www.seltron.eu\/de\/wp-json\/wp\/v2\/media?parent=401"}],"wp:term":[{"taxonomy":"product_brand","embeddable":true,"href":"https:\/\/www.seltron.eu\/de\/wp-json\/wp\/v2\/product_brand?post=401"},{"taxonomy":"product_cat","embeddable":true,"href":"https:\/\/www.seltron.eu\/de\/wp-json\/wp\/v2\/product_cat?post=401"},{"taxonomy":"product_tag","embeddable":true,"href":"https:\/\/www.seltron.eu\/de\/wp-json\/wp\/v2\/product_tag?post=401"}],"curies":[{"name":"wp","href":"https:\/\/api.w.org\/{rel}","templated":true}]}}