{"id":415,"date":"2022-08-08T14:03:23","date_gmt":"2022-08-08T12:03:23","guid":{"rendered":"https:\/\/www.seltron.eu\/?post_type=product&#038;p=415"},"modified":"2024-10-09T15:59:16","modified_gmt":"2024-10-09T13:59:16","slug":"witterungsgefuhrter-heizungsregler-wxd10b","status":"publish","type":"product","link":"https:\/\/www.seltron.eu\/de\/regulatorji-ogrevanja-seltron\/vremensko-voden-regulator-wxd10b\/","title":{"rendered":"Witterungsgef\u00fchrte Heizungsregler WXD10B"},"content":{"rendered":"","protected":false},"excerpt":{"rendered":"<p>Die witterungsgef\u00fchrten WXD10B-Regler sollen die Raumheizung und Warmwassererw\u00e4rmung in einzelnen H\u00e4usern regeln.<\/p>","protected":false},"featured_media":1261,"template":"","meta":{"_acf_changed":false},"product_brand":[],"product_cat":[37,98,28],"product_tag":[411,388],"class_list":{"0":"post-415","1":"product","2":"type-product","3":"status-publish","4":"has-post-thumbnail","6":"product_cat-vremensko-vodeni-regulatorji-wxd","7":"product_cat-regulatorji","8":"product_cat-vremensko-vodeni-regulatorji-kotlovni-regulatorji","9":"product_tag-wxd","10":"product_tag-wxd10b","11":"pa_delovanje-vremensko-vodeno","12":"pa_kategorije-izdelkov-regulatorji-ogrevanja","13":"pa_regulatorji-montaza-ohisje-kotla","15":"first","16":"instock","17":"shipping-taxable","18":"purchasable","19":"product-type-simple"},"acf":[],"_links":{"self":[{"href":"https:\/\/www.seltron.eu\/de\/wp-json\/wp\/v2\/product\/415","targetHints":{"allow":["GET"]}}],"collection":[{"href":"https:\/\/www.seltron.eu\/de\/wp-json\/wp\/v2\/product"}],"about":[{"href":"https:\/\/www.seltron.eu\/de\/wp-json\/wp\/v2\/types\/product"}],"version-history":[{"count":0,"href":"https:\/\/www.seltron.eu\/de\/wp-json\/wp\/v2\/product\/415\/revisions"}],"wp:featuredmedia":[{"embeddable":true,"href":"https:\/\/www.seltron.eu\/de\/wp-json\/wp\/v2\/media\/1261"}],"wp:attachment":[{"href":"https:\/\/www.seltron.eu\/de\/wp-json\/wp\/v2\/media?parent=415"}],"wp:term":[{"taxonomy":"product_brand","embeddable":true,"href":"https:\/\/www.seltron.eu\/de\/wp-json\/wp\/v2\/product_brand?post=415"},{"taxonomy":"product_cat","embeddable":true,"href":"https:\/\/www.seltron.eu\/de\/wp-json\/wp\/v2\/product_cat?post=415"},{"taxonomy":"product_tag","embeddable":true,"href":"https:\/\/www.seltron.eu\/de\/wp-json\/wp\/v2\/product_tag?post=415"}],"curies":[{"name":"wp","href":"https:\/\/api.w.org\/{rel}","templated":true}]}}