{"id":417,"date":"2022-08-08T14:03:39","date_gmt":"2022-08-08T12:03:39","guid":{"rendered":"https:\/\/www.seltron.eu\/?post_type=product&#038;p=417"},"modified":"2024-10-09T15:59:16","modified_gmt":"2024-10-09T13:59:16","slug":"witterungsgefuhrter-heizungsregler-wxd10","status":"publish","type":"product","link":"https:\/\/www.seltron.eu\/de\/regulatorji-ogrevanja-seltron\/vremensko-voden-regulator-wxd10\/","title":{"rendered":"Witterungsgef\u00fchrte Heizungsregler WXD10"},"content":{"rendered":"","protected":false},"excerpt":{"rendered":"<p>Die witterungsgef\u00fchrten WXD10-Regler sollen die Raumheizung oder -k\u00fchlung und der Warmwassererw\u00e4rmung mit Solarsystem regeln.<\/p>","protected":false},"featured_media":1264,"template":"","meta":{"_acf_changed":false},"product_brand":[],"product_cat":[37,98,28],"product_tag":[411,387],"class_list":{"0":"post-417","1":"product","2":"type-product","3":"status-publish","4":"has-post-thumbnail","6":"product_cat-vremensko-vodeni-regulatorji-wxd","7":"product_cat-regulatorji","8":"product_cat-vremensko-vodeni-regulatorji-kotlovni-regulatorji","9":"product_tag-wxd","10":"product_tag-wxd10","11":"pa_delovanje-vremensko-vodeno","12":"pa_kategorije-izdelkov-regulatorji-ogrevanja","13":"pa_regulatorji-montaza-ohisje-kotla","15":"first","16":"instock","17":"shipping-taxable","18":"purchasable","19":"product-type-simple"},"acf":[],"_links":{"self":[{"href":"https:\/\/www.seltron.eu\/de\/wp-json\/wp\/v2\/product\/417","targetHints":{"allow":["GET"]}}],"collection":[{"href":"https:\/\/www.seltron.eu\/de\/wp-json\/wp\/v2\/product"}],"about":[{"href":"https:\/\/www.seltron.eu\/de\/wp-json\/wp\/v2\/types\/product"}],"version-history":[{"count":0,"href":"https:\/\/www.seltron.eu\/de\/wp-json\/wp\/v2\/product\/417\/revisions"}],"wp:featuredmedia":[{"embeddable":true,"href":"https:\/\/www.seltron.eu\/de\/wp-json\/wp\/v2\/media\/1264"}],"wp:attachment":[{"href":"https:\/\/www.seltron.eu\/de\/wp-json\/wp\/v2\/media?parent=417"}],"wp:term":[{"taxonomy":"product_brand","embeddable":true,"href":"https:\/\/www.seltron.eu\/de\/wp-json\/wp\/v2\/product_brand?post=417"},{"taxonomy":"product_cat","embeddable":true,"href":"https:\/\/www.seltron.eu\/de\/wp-json\/wp\/v2\/product_cat?post=417"},{"taxonomy":"product_tag","embeddable":true,"href":"https:\/\/www.seltron.eu\/de\/wp-json\/wp\/v2\/product_tag?post=417"}],"curies":[{"name":"wp","href":"https:\/\/api.w.org\/{rel}","templated":true}]}}