{"id":468,"date":"2022-08-09T15:39:05","date_gmt":"2022-08-09T13:39:05","guid":{"rendered":"https:\/\/www.seltron.eu\/?post_type=product&#038;p=468"},"modified":"2024-10-09T15:59:16","modified_gmt":"2024-10-09T13:59:16","slug":"temperaturfuhler-afd","status":"publish","type":"product","link":"https:\/\/www.seltron.eu\/de\/regulatorji-ogrevanja-seltron\/zunanje-temperaturno-tipalo-afd-pt\/","title":{"rendered":"Temperaturf\u00fchler AFD"},"content":{"rendered":"","protected":false},"excerpt":{"rendered":"<p>Der AFD-Temperaturf\u00fchler geh\u00f6rt zum Zubeh\u00f6rprogramm der Seltron-\nHeizungsregler. Es dient zum Messen der Au\u00dfentemperatur von Seltron\nReglern und wurde entwickelt, um die Umgebungstemperatur, mit dem\ngeringsten Temperatureinfluss der Geb\u00e4udewand, genau zu messen.<\/p>","protected":false},"featured_media":1301,"template":"","meta":{"_acf_changed":false},"product_brand":[],"product_cat":[51,34],"product_tag":[377],"class_list":{"0":"post-468","1":"product","2":"type-product","3":"status-publish","4":"has-post-thumbnail","6":"product_cat-temperaturna-tipala","7":"product_cat-pribor","8":"product_tag-afd-pt","9":"pa_delovanje-tipala","10":"pa_kategorije-izdelkov-pribor","11":"pa_regulatorji-montaza-nadometna","13":"first","14":"instock","15":"shipping-taxable","16":"purchasable","17":"product-type-simple"},"acf":[],"_links":{"self":[{"href":"https:\/\/www.seltron.eu\/de\/wp-json\/wp\/v2\/product\/468","targetHints":{"allow":["GET"]}}],"collection":[{"href":"https:\/\/www.seltron.eu\/de\/wp-json\/wp\/v2\/product"}],"about":[{"href":"https:\/\/www.seltron.eu\/de\/wp-json\/wp\/v2\/types\/product"}],"version-history":[{"count":0,"href":"https:\/\/www.seltron.eu\/de\/wp-json\/wp\/v2\/product\/468\/revisions"}],"wp:featuredmedia":[{"embeddable":true,"href":"https:\/\/www.seltron.eu\/de\/wp-json\/wp\/v2\/media\/1301"}],"wp:attachment":[{"href":"https:\/\/www.seltron.eu\/de\/wp-json\/wp\/v2\/media?parent=468"}],"wp:term":[{"taxonomy":"product_brand","embeddable":true,"href":"https:\/\/www.seltron.eu\/de\/wp-json\/wp\/v2\/product_brand?post=468"},{"taxonomy":"product_cat","embeddable":true,"href":"https:\/\/www.seltron.eu\/de\/wp-json\/wp\/v2\/product_cat?post=468"},{"taxonomy":"product_tag","embeddable":true,"href":"https:\/\/www.seltron.eu\/de\/wp-json\/wp\/v2\/product_tag?post=468"}],"curies":[{"name":"wp","href":"https:\/\/api.w.org\/{rel}","templated":true}]}}