{"id":478,"date":"2022-08-09T15:42:57","date_gmt":"2022-08-09T13:42:57","guid":{"rendered":"https:\/\/www.seltron.eu\/?post_type=product&#038;p=478"},"modified":"2024-10-09T15:59:16","modified_gmt":"2024-10-09T13:59:16","slug":"raumtemperaturfuhler-ps10-pt","status":"publish","type":"product","link":"https:\/\/www.seltron.eu\/de\/regulatorji-ogrevanja-seltron\/prostorsko-temperaturno-tipalo-ps10-pt\/","title":{"rendered":"Raumtemperaturf\u00fchler PS10\/Pt"},"content":{"rendered":"<p>Es ist eine altbekannte Tatsache, dass ein Leser vom lesbaren Inhalt einer Seite abgelenkt wird, wenn er das Layout betrachtet. Der Sinn der Verwendung von Lorem Ipsum ist, dass es eine mehr oder weniger normale Verteilung der Buchstaben hat, im Gegensatz zur Verwendung von \"Inhalt hier, Inhalt hier\", wodurch es wie lesbares Englisch aussieht.<\/p>","protected":false},"excerpt":{"rendered":"<p>Der Temperaturf\u00fchler PS10\/Pt wird eingesetzt, wenn die gew\u00fcnschte Temperatur am Raumger\u00e4t nicht gew\u00fcnscht ist oder nicht ver\u00e4ndert werden darf.<\/p>","protected":false},"featured_media":1296,"template":"","meta":{"_acf_changed":false},"product_brand":[],"product_cat":[51,34],"product_tag":[372],"class_list":{"0":"post-478","1":"product","2":"type-product","3":"status-publish","4":"has-post-thumbnail","6":"product_cat-temperaturna-tipala","7":"product_cat-pribor","8":"product_tag-ps10-pt","9":"pa_delovanje-tipala","10":"pa_kategorije-izdelkov-pribor","12":"first","13":"instock","14":"shipping-taxable","15":"purchasable","16":"product-type-simple"},"acf":[],"_links":{"self":[{"href":"https:\/\/www.seltron.eu\/de\/wp-json\/wp\/v2\/product\/478","targetHints":{"allow":["GET"]}}],"collection":[{"href":"https:\/\/www.seltron.eu\/de\/wp-json\/wp\/v2\/product"}],"about":[{"href":"https:\/\/www.seltron.eu\/de\/wp-json\/wp\/v2\/types\/product"}],"version-history":[{"count":0,"href":"https:\/\/www.seltron.eu\/de\/wp-json\/wp\/v2\/product\/478\/revisions"}],"wp:featuredmedia":[{"embeddable":true,"href":"https:\/\/www.seltron.eu\/de\/wp-json\/wp\/v2\/media\/1296"}],"wp:attachment":[{"href":"https:\/\/www.seltron.eu\/de\/wp-json\/wp\/v2\/media?parent=478"}],"wp:term":[{"taxonomy":"product_brand","embeddable":true,"href":"https:\/\/www.seltron.eu\/de\/wp-json\/wp\/v2\/product_brand?post=478"},{"taxonomy":"product_cat","embeddable":true,"href":"https:\/\/www.seltron.eu\/de\/wp-json\/wp\/v2\/product_cat?post=478"},{"taxonomy":"product_tag","embeddable":true,"href":"https:\/\/www.seltron.eu\/de\/wp-json\/wp\/v2\/product_tag?post=478"}],"curies":[{"name":"wp","href":"https:\/\/api.w.org\/{rel}","templated":true}]}}