{"id":486,"date":"2022-08-24T15:35:51","date_gmt":"2022-08-24T13:35:51","guid":{"rendered":"https:\/\/www.seltron.eu\/?post_type=product&#038;p=486"},"modified":"2024-10-09T15:59:16","modified_gmt":"2024-10-09T13:59:16","slug":"bus-verbindungskabel-zcebc-fur-zonenregelung","status":"publish","type":"product","link":"https:\/\/www.seltron.eu\/de\/regulatorji-ogrevanja-seltron\/kabel-za-bus-povezavo-zcebc\/","title":{"rendered":"BUS-Verbindungskabel ZCEBC f\u00fcr Zonenregelung"},"content":{"rendered":"","protected":false},"excerpt":{"rendered":"<p>Das BUS-Verbindungskabel ZCEBC f\u00fcr Zonenregelung geh\u00f6rt zum Zubeh\u00f6rprogramm.<\/p>","protected":false},"featured_media":1291,"template":"","meta":{"_acf_changed":false},"product_brand":[],"product_cat":[53,34],"product_tag":[412,368],"class_list":{"0":"post-486","1":"product","2":"type-product","3":"status-publish","4":"has-post-thumbnail","6":"product_cat-pribor-za-conske-regulatorje-zce","7":"product_cat-pribor","8":"product_tag-zce","9":"product_tag-zcebc","10":"pa_kategorije-izdelkov-pribor","12":"first","13":"instock","14":"shipping-taxable","15":"purchasable","16":"product-type-simple"},"acf":[],"_links":{"self":[{"href":"https:\/\/www.seltron.eu\/de\/wp-json\/wp\/v2\/product\/486","targetHints":{"allow":["GET"]}}],"collection":[{"href":"https:\/\/www.seltron.eu\/de\/wp-json\/wp\/v2\/product"}],"about":[{"href":"https:\/\/www.seltron.eu\/de\/wp-json\/wp\/v2\/types\/product"}],"version-history":[{"count":0,"href":"https:\/\/www.seltron.eu\/de\/wp-json\/wp\/v2\/product\/486\/revisions"}],"wp:featuredmedia":[{"embeddable":true,"href":"https:\/\/www.seltron.eu\/de\/wp-json\/wp\/v2\/media\/1291"}],"wp:attachment":[{"href":"https:\/\/www.seltron.eu\/de\/wp-json\/wp\/v2\/media?parent=486"}],"wp:term":[{"taxonomy":"product_brand","embeddable":true,"href":"https:\/\/www.seltron.eu\/de\/wp-json\/wp\/v2\/product_brand?post=486"},{"taxonomy":"product_cat","embeddable":true,"href":"https:\/\/www.seltron.eu\/de\/wp-json\/wp\/v2\/product_cat?post=486"},{"taxonomy":"product_tag","embeddable":true,"href":"https:\/\/www.seltron.eu\/de\/wp-json\/wp\/v2\/product_tag?post=486"}],"curies":[{"name":"wp","href":"https:\/\/api.w.org\/{rel}","templated":true}]}}