{"id":23213,"date":"2023-06-20T14:45:30","date_gmt":"2023-06-20T12:45:30","guid":{"rendered":"https:\/\/www.seltron.eu\/?page_id=23213"},"modified":"2025-10-28T11:35:50","modified_gmt":"2025-10-28T09:35:50","slug":"online-questions","status":"publish","type":"page","link":"https:\/\/www.seltron.eu\/en\/spletni-piskotki\/","title":{"rendered":"Web cookies"},"content":{"rendered":"<div data-elementor-type=\"wp-page\" data-elementor-id=\"23213\" class=\"elementor elementor-23213\" data-elementor-post-type=\"page\">\n\t\t\t\t\t\t<section data-particle_enable=\"false\" data-particle-mobile-disabled=\"false\" class=\"elementor-section elementor-top-section elementor-element elementor-element-be0db3e elementor-section-boxed elementor-section-height-default elementor-section-height-default\" data-id=\"be0db3e\" data-element_type=\"section\" data-e-type=\"section\" data-settings=\"{&quot;jet_parallax_layout_list&quot;:[],&quot;background_background&quot;:&quot;classic&quot;}\">\n\t\t\t\t\t\t<div class=\"elementor-container elementor-column-gap-default\">\n\t\t\t\t\t<div class=\"elementor-column elementor-col-100 elementor-top-column elementor-element elementor-element-7923a27\" data-id=\"7923a27\" data-element_type=\"column\" data-e-type=\"column\" data-settings=\"{&quot;background_background&quot;:&quot;classic&quot;}\">\n\t\t\t<div class=\"elementor-widget-wrap\">\n\t\t\t\t\t\t\t<\/div>\n\t\t<\/div>\n\t\t\t\t\t<\/div>\n\t\t<\/section>\n\t\t\t\t<section data-particle_enable=\"false\" data-particle-mobile-disabled=\"false\" class=\"elementor-section elementor-top-section elementor-element elementor-element-3f843b6 elementor-section-height-min-height elementor-hidden-tablet elementor-hidden-mobile elementor-section-boxed elementor-section-height-default elementor-section-items-middle\" data-id=\"3f843b6\" data-element_type=\"section\" data-e-type=\"section\" data-settings=\"{&quot;jet_parallax_layout_list&quot;:[],&quot;background_background&quot;:&quot;gradient&quot;}\">\n\t\t\t\t\t\t<div class=\"elementor-container elementor-column-gap-no\">\n\t\t\t\t\t<div class=\"elementor-column elementor-col-100 elementor-top-column elementor-element elementor-element-ded086c\" data-id=\"ded086c\" data-element_type=\"column\" data-e-type=\"column\">\n\t\t\t<div class=\"elementor-widget-wrap\">\n\t\t\t\t\t\t\t<\/div>\n\t\t<\/div>\n\t\t\t\t\t<\/div>\n\t\t<\/section>\n\t\t\t\t<section data-particle_enable=\"false\" data-particle-mobile-disabled=\"false\" class=\"elementor-section elementor-top-section elementor-element elementor-element-61221507 elementor-section-boxed elementor-section-height-default elementor-section-height-default\" data-id=\"61221507\" data-element_type=\"section\" data-e-type=\"section\" data-settings=\"{&quot;jet_parallax_layout_list&quot;:[]}\">\n\t\t\t\t\t\t<div class=\"elementor-container elementor-column-gap-no\">\n\t\t\t\t\t<div class=\"elementor-column elementor-col-100 elementor-top-column elementor-element elementor-element-3dc8fe4\" data-id=\"3dc8fe4\" data-element_type=\"column\" data-e-type=\"column\">\n\t\t\t<div class=\"elementor-widget-wrap elementor-element-populated\">\n\t\t\t\t\t\t<div class=\"elementor-element elementor-element-ac7bc24 elementor-widget elementor-widget-heading\" data-id=\"ac7bc24\" data-element_type=\"widget\" data-e-type=\"widget\" data-widget_type=\"heading.default\">\n\t\t\t\t<div class=\"elementor-widget-container\">\n\t\t\t\t\t<h2 class=\"elementor-heading-title elementor-size-default\">SPLETNI PI\u0160KOTKI<\/h2>\t\t\t\t<\/div>\n\t\t\t\t<\/div>\n\t\t\t\t<div class=\"elementor-element elementor-element-241d0775 elementor-widget elementor-widget-text-editor\" data-id=\"241d0775\" data-element_type=\"widget\" data-e-type=\"widget\" data-widget_type=\"text-editor.default\">\n\t\t\t\t<div class=\"elementor-widget-container\">\n\t\t\t\t\t\t\t\t\t<p>Date of entry into force: 20-Jun-2023, Last updated: 20-Jun-2023\n<h3>What are cookies?<\/p><\/h3>\n<div class=\"cookie-policy-p\">\n\nPi\u0161kotki so male tekstovne datoteke, ki jih ve\u010dina sodobnih spletnih mest shrani v naprave uporabnikov, torej oseb, ki s svojimi napravami dostopajo do dolo\u010dne spletne strani na internetu. Tudi na\u0161a spletna stran uporablja pi\u0161kotke. Pri tem uporabljamo tako sejne pi\u0161kotke, kot trajne pi\u0161kotke. Sejni pi\u0161kotki z va\u0161e naprave izginejo takoj, ko zaprete okno brskalnika (ko se zaklju\u010di seja). Trajni pi\u0161kotki pa v va\u0161i napravi ostanejo tudi po tem, ko brskalnik zaprete, brskalnik pa jih lahko uporabi ob vseh naslednjih obiskih na\u0161e spletne strani. V povezavi z drugimi storitvami, ki so povezane z na\u0161o spletno stranjo, lahko uporabimo tudi pi\u0161kotke tretjih oseb.\n\nShranjevanje pi\u0161kotkov je pod va\u0161im popolnim nadzorom, saj lahko kot uporabniki spletne strani, hranjenje pi\u0161kotov ali omejite ali onemogo\u010dite.\n\n<\/div>\n&nbsp;\n<h3>How do we use cookies and similar technologies?<\/h3>\n<div class=\"cookie-policy-p\">\n\nWe may use cookies and automatically collected data to:\n\n<\/div>\n<ol>\n \t<li>modifying our website and other services linked to our website, such as remembering your information so that you do not have to re-enter it the next time you visit our website or other services linked to our website;<\/li>\n \t<li>customising ads, content and information;<\/li>\n \t<li>monitoring and analysing the performance of our website, other services linked to our website and advertising activities;<\/li>\n \t<li>monitoring all metrics of the use of our website, such as the total number of visitors and the number of pages visited.<\/li>\n<\/ol><br>\n<h3>Types of cookies we use<\/h3>\n<div class=\"cky-audit-table-element\"><\/div>\n<h3 style=\"margin:40px 0  20px 0;\">Managing your cookie settings<\/h3>\n<div>\n\n<p>You can change your cookie settings at any time by clicking on the link below. This will allow you to revisit the cookie consent pop up to change your settings or to withdraw your consent immediately.<\/p>\n\n<a class=\"cky-banner-element\">SETTING COOKIES<\/a>\n\n<p>In addition, different browsers allow different ways of blocking and deleting cookies used by websites. You can change your browser settings to block\/delete cookies. Below are links to support documents on managing and deleting cookies from the main web browsers.<\/p>\n\n<p>Chrome: <a href=\"https:\/\/support.google.com\/accounts\/answer\/32050\" target=\"_blank\" rel=\"noopener\">https:\/\/support.google.com\/accounts\/answer\/32050<\/a><\/p>\n\n<p>Safari: <a href=\"https:\/\/support.apple.com\/en-in\/guide\/safari\/sfri11471\/mac\" target=\"_blank\" rel=\"noopener\">https:\/\/support.apple.com\/en-in\/guide\/safari\/sfri11471\/mac<\/a><\/p>\n\n<p>Firefox: <a href=\"https:\/\/support.mozilla.org\/en-US\/kb\/clear-cookies-and-site-data-firefox?redirectslug=delete-cookies-remove-info-websites-stored&amp;redirectlocale=en-US\" target=\"_blank\" rel=\"noopener\">https:\/\/support.mozilla.org\/en-US\/kb\/clear-cookies-and-site-data-firefox?redirectslug=delete-cookies-remove-info-websites-stored&amp;redirectlocale=en-US<\/a><\/p>\n\n<p>Internet Explorer: <a href=\"https:\/\/support.microsoft.com\/en-us\/topic\/how-to-delete-cookie-files-in-internet-explorer-bca9446f-d873-78de-77ba-d42645fa52fc\" target=\"_blank\" rel=\"noopener\">https:\/\/support.microsoft.com\/en-us\/topic\/how-to-delete-cookie-files-in-internet-explorer-bca9446f-d873-78de-77ba-d42645fa52fc<\/a><\/p>\n\n<p>If you use any other web browser, please refer to the browser's official support documents.<p>\n\n<\/div>\n&nbsp;\n<h3>Foreign website elements<\/h3>\nThe external elements of the website are linked to the service providers used by the website for its operation and are uploaded directly from the processors' websites. Foreign web pages present on the website will be given your computer's IP. By using our website, you consent to the websites listed below obtaining your computer or mobile device IP:\n<ol>\n \t<li>www.googlecom.com<\/li>\n \t<li>www.googletagmanager.com<\/li>\n \t<li>www.facebook.com<\/li>\n<\/ol>\n<p class=\"cookie-policy-p\"><\/p>\t\t\t\t\t\t\t\t<\/div>\n\t\t\t\t<\/div>\n\t\t\t\t\t<\/div>\n\t\t<\/div>\n\t\t\t\t\t<\/div>\n\t\t<\/section>\n\t\t\t\t<section data-particle_enable=\"false\" data-particle-mobile-disabled=\"false\" class=\"elementor-section elementor-top-section elementor-element elementor-element-50f972e elementor-section-boxed elementor-section-height-default elementor-section-height-default\" data-id=\"50f972e\" data-element_type=\"section\" data-e-type=\"section\" data-settings=\"{&quot;jet_parallax_layout_list&quot;:[]}\">\n\t\t\t\t\t\t<div class=\"elementor-container elementor-column-gap-default\">\n\t\t\t\t\t<div class=\"elementor-column elementor-col-100 elementor-top-column elementor-element elementor-element-ae16fe9\" data-id=\"ae16fe9\" data-element_type=\"column\" data-e-type=\"column\">\n\t\t\t<div class=\"elementor-widget-wrap elementor-element-populated\">\n\t\t\t\t\t\t<div class=\"elementor-element elementor-element-670f373 elementor-widget elementor-widget-spacer\" data-id=\"670f373\" data-element_type=\"widget\" data-e-type=\"widget\" data-widget_type=\"spacer.default\">\n\t\t\t\t<div class=\"elementor-widget-container\">\n\t\t\t\t\t\t\t<div class=\"elementor-spacer\">\n\t\t\t<div class=\"elementor-spacer-inner\"><\/div>\n\t\t<\/div>\n\t\t\t\t\t\t<\/div>\n\t\t\t\t<\/div>\n\t\t\t\t\t<\/div>\n\t\t<\/div>\n\t\t\t\t\t<\/div>\n\t\t<\/section>\n\t\t\t\t<\/div>","protected":false},"excerpt":{"rendered":"<p>SPLETNI PI\u0160KOTKI Datum za\u010detka veljavnosti: 20. junij 2023, Nazadnje posodobljeno: 20-Jun-2023 Kaj so pi\u0161kotki? Pi\u0161kotki so male tekstovne datoteke, ki jih ve\u010dina sodobnih spletnih mest shrani v naprave uporabnikov, torej oseb, ki s svojimi napravami dostopajo do dolo\u010dne spletne strani na internetu. Tudi na\u0161a spletna stran uporablja pi\u0161kotke. Pri tem uporabljamo tako sejne pi\u0161kotke, kot [&hellip;]<\/p>\n","protected":false},"author":1,"featured_media":0,"parent":0,"menu_order":0,"comment_status":"closed","ping_status":"closed","template":"","meta":{"_acf_changed":false,"footnotes":""},"class_list":["post-23213","page","type-page","status-publish","hentry"],"blocksy_meta":[],"acf":[],"_links":{"self":[{"href":"https:\/\/www.seltron.eu\/en\/wp-json\/wp\/v2\/pages\/23213","targetHints":{"allow":["GET"]}}],"collection":[{"href":"https:\/\/www.seltron.eu\/en\/wp-json\/wp\/v2\/pages"}],"about":[{"href":"https:\/\/www.seltron.eu\/en\/wp-json\/wp\/v2\/types\/page"}],"author":[{"embeddable":true,"href":"https:\/\/www.seltron.eu\/en\/wp-json\/wp\/v2\/users\/1"}],"replies":[{"embeddable":true,"href":"https:\/\/www.seltron.eu\/en\/wp-json\/wp\/v2\/comments?post=23213"}],"version-history":[{"count":39,"href":"https:\/\/www.seltron.eu\/en\/wp-json\/wp\/v2\/pages\/23213\/revisions"}],"predecessor-version":[{"id":26606,"href":"https:\/\/www.seltron.eu\/en\/wp-json\/wp\/v2\/pages\/23213\/revisions\/26606"}],"wp:attachment":[{"href":"https:\/\/www.seltron.eu\/en\/wp-json\/wp\/v2\/media?parent=23213"}],"curies":[{"name":"wp","href":"https:\/\/api.w.org\/{rel}","templated":true}]}}