{"id":1045,"date":"2022-08-23T12:30:28","date_gmt":"2022-08-23T10:30:28","guid":{"rendered":"https:\/\/www.seltron.eu\/?post_type=product&#038;p=1045"},"modified":"2025-04-10T09:46:44","modified_gmt":"2025-04-10T07:46:44","slug":"actuators-avd","status":"publish","type":"product","link":"https:\/\/www.seltron.eu\/en\/regulatorji-ogrevanja-seltron\/motorni-pogoni-avd\/","title":{"rendered":"Actuators AVD"},"content":{"rendered":"<p>Motorni pogoni AVD so namenjeni nadzoru polo\u017eaja rotacijskih me\u0161alnih in krogelnih ventilov. Motorje odlikuje robustna izvedba in tiho delovanje. Inovativen pribor omogo\u010da izredno hitro monta\u017eo ter demonta\u017eo brez vija\u010denja. AVD ima kot odpiranja do 90\u00b0. Smer vrtenja signalizira z LED-lu\u010dko.<\/p>\n<h3><b>Na\u010din delovanja AVD<\/b><\/h3>\n<ul>\n<li>Dvoto\u010dkovno.<\/li>\n<li>Trito\u010dkovno.<\/li>\n<\/ul>","protected":false},"excerpt":{"rendered":"<p>AVD actuators are intended for position control of rotary mixing and ball\nvalves. They are distinguished by robust construction and quiet operation.\nInnovative accessories provide a quick installation and removal, mostly without\nany tools.<\/p>","protected":false},"featured_media":1134,"template":"","meta":{"_acf_changed":false},"product_brand":[],"product_cat":[40,39,99],"product_tag":[367],"class_list":{"0":"post-1045","1":"product","2":"type-product","3":"status-publish","4":"has-post-thumbnail","6":"product_cat-motorni-pogoni-avd","7":"product_cat-motorni-pogoni","8":"product_cat-motorni-pogoni-krogelne-enote-mesalne-enote","9":"product_tag-avd","10":"pa_delovanje-dvotockovno","11":"pa_delovanje-trotockovno","12":"pa_kategorije-izdelkov-motorni-pogoni","14":"first","15":"instock","16":"shipping-taxable","17":"purchasable","18":"product-type-simple"},"acf":[],"_links":{"self":[{"href":"https:\/\/www.seltron.eu\/en\/wp-json\/wp\/v2\/product\/1045","targetHints":{"allow":["GET"]}}],"collection":[{"href":"https:\/\/www.seltron.eu\/en\/wp-json\/wp\/v2\/product"}],"about":[{"href":"https:\/\/www.seltron.eu\/en\/wp-json\/wp\/v2\/types\/product"}],"version-history":[{"count":0,"href":"https:\/\/www.seltron.eu\/en\/wp-json\/wp\/v2\/product\/1045\/revisions"}],"wp:featuredmedia":[{"embeddable":true,"href":"https:\/\/www.seltron.eu\/en\/wp-json\/wp\/v2\/media\/1134"}],"wp:attachment":[{"href":"https:\/\/www.seltron.eu\/en\/wp-json\/wp\/v2\/media?parent=1045"}],"wp:term":[{"taxonomy":"product_brand","embeddable":true,"href":"https:\/\/www.seltron.eu\/en\/wp-json\/wp\/v2\/product_brand?post=1045"},{"taxonomy":"product_cat","embeddable":true,"href":"https:\/\/www.seltron.eu\/en\/wp-json\/wp\/v2\/product_cat?post=1045"},{"taxonomy":"product_tag","embeddable":true,"href":"https:\/\/www.seltron.eu\/en\/wp-json\/wp\/v2\/product_tag?post=1045"}],"curies":[{"name":"wp","href":"https:\/\/api.w.org\/{rel}","templated":true}]}}